{"id":114,"date":"2023-06-11T08:47:59","date_gmt":"2023-06-11T06:47:59","guid":{"rendered":"https:\/\/sortekro.dk\/?page_id=114"},"modified":"2023-06-20T08:46:44","modified_gmt":"2023-06-20T06:46:44","slug":"johan-ahrenfeldt","status":"publish","type":"page","link":"https:\/\/sortekro.dk\/?page_id=114","title":{"rendered":"Johan Ahrenfeldt"},"content":{"rendered":"<p>&nbsp;<\/p>\n<p><strong>Johan Ahrenfeldt<\/strong> (tidl. B\u00f8gebjerg Andreasen),\u00a0 f\u00f8dt 1. sept. 1973 i Tarm.<\/p>\n<p>Danner par med<\/p>\n<p><strong>Thea Skaanes<\/strong> , f\u00f8dt 13. maj 1975 i Thisted.<\/p>\n<p>Datter af Lene og Gunnar Skaanes, Thorsh\u00f8j, \u00d8sl\u00f8s.<\/p>\n<p>&nbsp;<\/p>\n<p>Johan studerer informationsvidenskab p\u00e5 \u00c5rhus Universitet, og er tilknyttet Moesgaard museum som udstillingstekniker.\u00a0 Er desuden musiker.<\/p>\n<p>Thea har afsluttet sin uddannelse som etnograf p\u00e5 \u00c5rhus Universitet og har arbejdet ved forskellige kulturprojekter i \u00c5rhus. Hun er nu ansat som museumsinspekt\u00f8r ved Moesgaard Museum, De Etnografiske Samlinger, med ansvar for UNESCO-samlingerne.<\/p>\n<p>Adresse:\u00a0 Lykkeg\u00e5rdsvej 380. Toustrup Mark,\u00a0 8472 Sporup.<\/p>\n<p>B\u00f8rn af Thea og Johan :<\/p>\n<p>Atle Skaanes Ahrenfeldt<\/p>\n<p>Sunniva Skaanes Ahrenfeldt<\/p>\n<p>&nbsp;<\/p>\n","protected":false},"excerpt":{"rendered":"<p>&nbsp; Johan Ahrenfeldt (tidl. B\u00f8gebjerg Andreasen),\u00a0 f\u00f8dt 1. sept. 1973 i Tarm. Danner par med Thea Skaanes , f\u00f8dt 13. maj 1975 i Thisted. Datter af Lene og Gunnar Skaanes, Thorsh\u00f8j, \u00d8sl\u00f8s. &nbsp; Johan studerer informationsvidenskab p\u00e5 \u00c5rhus Universitet, og &hellip; <a href=\"https:\/\/sortekro.dk\/?page_id=114\">L\u00e6s resten <span class=\"meta-nav\">&rarr;<\/span><\/a><\/p>\n","protected":false},"author":1,"featured_media":0,"parent":47,"menu_order":1,"comment_status":"closed","ping_status":"closed","template":"","meta":{"ngg_post_thumbnail":0},"_links":{"self":[{"href":"https:\/\/sortekro.dk\/index.php?rest_route=\/wp\/v2\/pages\/114"}],"collection":[{"href":"https:\/\/sortekro.dk\/index.php?rest_route=\/wp\/v2\/pages"}],"about":[{"href":"https:\/\/sortekro.dk\/index.php?rest_route=\/wp\/v2\/types\/page"}],"author":[{"embeddable":true,"href":"https:\/\/sortekro.dk\/index.php?rest_route=\/wp\/v2\/users\/1"}],"replies":[{"embeddable":true,"href":"https:\/\/sortekro.dk\/index.php?rest_route=%2Fwp%2Fv2%2Fcomments&post=114"}],"version-history":[{"count":3,"href":"https:\/\/sortekro.dk\/index.php?rest_route=\/wp\/v2\/pages\/114\/revisions"}],"predecessor-version":[{"id":308,"href":"https:\/\/sortekro.dk\/index.php?rest_route=\/wp\/v2\/pages\/114\/revisions\/308"}],"up":[{"embeddable":true,"href":"https:\/\/sortekro.dk\/index.php?rest_route=\/wp\/v2\/pages\/47"}],"wp:attachment":[{"href":"https:\/\/sortekro.dk\/index.php?rest_route=%2Fwp%2Fv2%2Fmedia&parent=114"}],"curies":[{"name":"wp","href":"https:\/\/api.w.org\/{rel}","templated":true}]}}