{"id":196,"date":"2023-06-13T23:17:08","date_gmt":"2023-06-13T21:17:08","guid":{"rendered":"https:\/\/sortekro.dk\/?page_id=196"},"modified":"2023-07-05T16:16:00","modified_gmt":"2023-07-05T14:16:00","slug":"mogens-smed-nielsen","status":"publish","type":"page","link":"https:\/\/sortekro.dk\/?page_id=196","title":{"rendered":"Mogens Smed Nielsen"},"content":{"rendered":"<p><strong>Mogens Smed Nielsen<\/strong> , f\u00f8dt 13. febr. 1978.<\/p>\n<p>Mogens har taget HH p\u00e5 Vestjysk handelsskole i Skjern.&nbsp; Han er uddannet hos Nykredit , nu erhvervsr\u00e5dgiver i Skjern&nbsp; Bank.<\/p>\n<p>Mogens er gift med <strong>Janni Stenholdt Eskesen<\/strong><\/p>\n<p>Adresse:&nbsp; B\u00f8llinglidevej 4 b,&nbsp; Skjern.&nbsp; &nbsp;<\/p>\n<p>B\u00f8rn af&nbsp; Mogens og Janni :<\/p>\n<p>Karoline Stenholdt Nielsen<\/p>\n","protected":false},"excerpt":{"rendered":"<p>Mogens Smed Nielsen , f\u00f8dt 13. febr. 1978. Mogens har taget HH p\u00e5 Vestjysk handelsskole i Skjern.&nbsp; Han er uddannet hos Nykredit , nu erhvervsr\u00e5dgiver i Skjern&nbsp; Bank. Mogens er gift med Janni Stenholdt Eskesen Adresse:&nbsp; B\u00f8llinglidevej 4 b,&nbsp; Skjern.&nbsp; &hellip; <a href=\"https:\/\/sortekro.dk\/?page_id=196\">L\u00e6s resten <span class=\"meta-nav\">&rarr;<\/span><\/a><\/p>\n","protected":false},"author":1,"featured_media":0,"parent":188,"menu_order":0,"comment_status":"closed","ping_status":"closed","template":"","meta":{"ngg_post_thumbnail":0},"_links":{"self":[{"href":"https:\/\/sortekro.dk\/index.php?rest_route=\/wp\/v2\/pages\/196"}],"collection":[{"href":"https:\/\/sortekro.dk\/index.php?rest_route=\/wp\/v2\/pages"}],"about":[{"href":"https:\/\/sortekro.dk\/index.php?rest_route=\/wp\/v2\/types\/page"}],"author":[{"embeddable":true,"href":"https:\/\/sortekro.dk\/index.php?rest_route=\/wp\/v2\/users\/1"}],"replies":[{"embeddable":true,"href":"https:\/\/sortekro.dk\/index.php?rest_route=%2Fwp%2Fv2%2Fcomments&post=196"}],"version-history":[{"count":5,"href":"https:\/\/sortekro.dk\/index.php?rest_route=\/wp\/v2\/pages\/196\/revisions"}],"predecessor-version":[{"id":495,"href":"https:\/\/sortekro.dk\/index.php?rest_route=\/wp\/v2\/pages\/196\/revisions\/495"}],"up":[{"embeddable":true,"href":"https:\/\/sortekro.dk\/index.php?rest_route=\/wp\/v2\/pages\/188"}],"wp:attachment":[{"href":"https:\/\/sortekro.dk\/index.php?rest_route=%2Fwp%2Fv2%2Fmedia&parent=196"}],"curies":[{"name":"wp","href":"https:\/\/api.w.org\/{rel}","templated":true}]}}