{"id":202,"date":"2023-06-13T23:19:18","date_gmt":"2023-06-13T21:19:18","guid":{"rendered":"https:\/\/sortekro.dk\/?page_id=202"},"modified":"2023-06-23T00:08:28","modified_gmt":"2023-06-22T22:08:28","slug":"lene-smed-nielsen","status":"publish","type":"page","link":"https:\/\/sortekro.dk\/?page_id=202","title":{"rendered":"Lene Smed Nielsen"},"content":{"rendered":"<p><strong>Lene Smed Nielsen<\/strong> , f\u00f8dt 22.aug. 1977. Bor sammen med<\/p>\n<p><strong>Kristian Markussen<\/strong> , f\u00f8dt 13. jan. 1977.<\/p>\n<p>Lene er sygeplejerske p\u00e5 Skejby sygehus.<\/p>\n<p>Kristian er civilingeni\u00f8r og arbejder i Silkeborg.<\/p>\n<p>Adresse:\u00a0 \u00c5lborggade 19, 2.th.\u00a0\u00a0\u00a0 8000 \u00c5rhus C.<\/p>\n<p>&nbsp;<\/p>\n","protected":false},"excerpt":{"rendered":"<p>Lene Smed Nielsen , f\u00f8dt 22.aug. 1977. Bor sammen med Kristian Markussen , f\u00f8dt 13. jan. 1977. Lene er sygeplejerske p\u00e5 Skejby sygehus. Kristian er civilingeni\u00f8r og arbejder i Silkeborg. Adresse:\u00a0 \u00c5lborggade 19, 2.th.\u00a0\u00a0\u00a0 8000 \u00c5rhus C. &nbsp;<\/p>\n","protected":false},"author":1,"featured_media":0,"parent":190,"menu_order":1,"comment_status":"closed","ping_status":"closed","template":"","meta":{"ngg_post_thumbnail":0},"_links":{"self":[{"href":"https:\/\/sortekro.dk\/index.php?rest_route=\/wp\/v2\/pages\/202"}],"collection":[{"href":"https:\/\/sortekro.dk\/index.php?rest_route=\/wp\/v2\/pages"}],"about":[{"href":"https:\/\/sortekro.dk\/index.php?rest_route=\/wp\/v2\/types\/page"}],"author":[{"embeddable":true,"href":"https:\/\/sortekro.dk\/index.php?rest_route=\/wp\/v2\/users\/1"}],"replies":[{"embeddable":true,"href":"https:\/\/sortekro.dk\/index.php?rest_route=%2Fwp%2Fv2%2Fcomments&post=202"}],"version-history":[{"count":2,"href":"https:\/\/sortekro.dk\/index.php?rest_route=\/wp\/v2\/pages\/202\/revisions"}],"predecessor-version":[{"id":408,"href":"https:\/\/sortekro.dk\/index.php?rest_route=\/wp\/v2\/pages\/202\/revisions\/408"}],"up":[{"embeddable":true,"href":"https:\/\/sortekro.dk\/index.php?rest_route=\/wp\/v2\/pages\/190"}],"wp:attachment":[{"href":"https:\/\/sortekro.dk\/index.php?rest_route=%2Fwp%2Fv2%2Fmedia&parent=202"}],"curies":[{"name":"wp","href":"https:\/\/api.w.org\/{rel}","templated":true}]}}