{"id":228,"date":"2023-06-14T08:40:05","date_gmt":"2023-06-14T06:40:05","guid":{"rendered":"https:\/\/sortekro.dk\/?page_id=228"},"modified":"2023-06-23T08:52:53","modified_gmt":"2023-06-23T06:52:53","slug":"maria-herlev-ahrenfeldt","status":"publish","type":"page","link":"https:\/\/sortekro.dk\/?page_id=228","title":{"rendered":"Maria Herlev Ahrenfeldt"},"content":{"rendered":"<p><strong>Maria Herlev Ahrenfeldt<\/strong> , f\u00f8dt 21. juli 1977.<\/p>\n<p>Danner par med<strong> Andreas K\u00e5rsn\u00e4s.<\/strong><\/p>\n<p>Maria er cand. scient.pol \u00a0og ansat som fuldm\u00e6gtig p\u00e5 Rigshospitalet.<\/p>\n<p>Andreas er IT-ingeni\u00f8r, og ansat hos Dell.<\/p>\n","protected":false},"excerpt":{"rendered":"<p>Maria Herlev Ahrenfeldt , f\u00f8dt 21. juli 1977. Danner par med Andreas K\u00e5rsn\u00e4s. Maria er cand. scient.pol \u00a0og ansat som fuldm\u00e6gtig p\u00e5 Rigshospitalet. Andreas er IT-ingeni\u00f8r, og ansat hos Dell.<\/p>\n","protected":false},"author":1,"featured_media":0,"parent":220,"menu_order":0,"comment_status":"closed","ping_status":"closed","template":"","meta":{"ngg_post_thumbnail":0},"_links":{"self":[{"href":"https:\/\/sortekro.dk\/index.php?rest_route=\/wp\/v2\/pages\/228"}],"collection":[{"href":"https:\/\/sortekro.dk\/index.php?rest_route=\/wp\/v2\/pages"}],"about":[{"href":"https:\/\/sortekro.dk\/index.php?rest_route=\/wp\/v2\/types\/page"}],"author":[{"embeddable":true,"href":"https:\/\/sortekro.dk\/index.php?rest_route=\/wp\/v2\/users\/1"}],"replies":[{"embeddable":true,"href":"https:\/\/sortekro.dk\/index.php?rest_route=%2Fwp%2Fv2%2Fcomments&post=228"}],"version-history":[{"count":3,"href":"https:\/\/sortekro.dk\/index.php?rest_route=\/wp\/v2\/pages\/228\/revisions"}],"predecessor-version":[{"id":420,"href":"https:\/\/sortekro.dk\/index.php?rest_route=\/wp\/v2\/pages\/228\/revisions\/420"}],"up":[{"embeddable":true,"href":"https:\/\/sortekro.dk\/index.php?rest_route=\/wp\/v2\/pages\/220"}],"wp:attachment":[{"href":"https:\/\/sortekro.dk\/index.php?rest_route=%2Fwp%2Fv2%2Fmedia&parent=228"}],"curies":[{"name":"wp","href":"https:\/\/api.w.org\/{rel}","templated":true}]}}