{"id":41,"date":"2023-06-10T09:46:33","date_gmt":"2023-06-10T07:46:33","guid":{"rendered":"https:\/\/sortekro.dk\/?page_id=41"},"modified":"2025-05-14T23:51:03","modified_gmt":"2025-05-14T21:51:03","slug":"kirsten-ahrenfeldt","status":"publish","type":"page","link":"https:\/\/sortekro.dk\/?page_id=41","title":{"rendered":"Kirsten Ahrenfeldt"},"content":{"rendered":"<p><strong>Kirsten Ahrenfeldt<\/strong> , &nbsp;F\u00f8dt 27. juli 1934 i Stauning.<\/p>\n<p>Gift i Stauning d. 21. aug.&nbsp; 1965&nbsp; med<\/p>\n<p><strong>Knud Preben Nielsen<\/strong> , f\u00f8dt&nbsp; 5. aug 1941 i Fredensborg.<\/p>\n<p>S\u00f8n af&nbsp; G\u00e5rdejer Jens Peder Nielsen og hustru Astrid Nielsen, Svendsgaard<\/p>\n<p>Kirsten gik i Stauning skole indtil hun kom p\u00e5 Nr. Nissum efterskole i 1948. Efter et halvt \u00e5r p\u00e5 efterskolen tjente Kirsten p\u00e5 en g\u00e5rd,&nbsp; f\u00f8r hun kom til KFUM-pensionatet i Varde, hvor moster Minna var bestyrer.&nbsp; I 1953 blev Kirsten \u00f8konomaelev p\u00e5 Esbjerg sygehus. Det tredje \u00e5r af l\u00e6retiden foregik p\u00e5 Ringk\u00f8bing sygehus, hvor Kirsten var ansat til 1964, hvor hun fik arbejde i k\u00f8kkenet p\u00e5 L\u00e6gaard Landbrugsskole,&nbsp; Holstebro. Her m\u00f8dte hun&nbsp; Preben . Efter gifterm\u00e5let &nbsp;k\u00f8bte de g\u00e5rden&nbsp; \u201dAlleenlund\u201d og bosatte sig i H\u00f8jbjerghuse ved R\u00f8dk\u00e6rsbro.<\/p>\n<p>De drev landbruget ved siden af udearbejde indtil de solgte ejendommen i 1991&nbsp; og flyttede i et parcelhus i Overlund ved Viborg.<\/p>\n<p>De er nu pensionister, og bruger tiden bl. a. med haven, blomsterbinding,&nbsp; dueavl, sangkor og b\u00f8rneb\u00f8rn.<\/p>\n<p>Adresse: Nyvej 7, Overlund&nbsp; 8800 Viborg. Tlf.8667 2627<\/p>\n<p>Preben d\u00f8de 3. okt. 2024.<\/p>\n<p>B\u00f8rn af Kirsten og Preben :<\/p>\n<p>Anders Ahrenfeldt<\/p>\n<p>Peter Ahrenfeldt<\/p>\n<p>&nbsp;<\/p>\n","protected":false},"excerpt":{"rendered":"<p>Kirsten Ahrenfeldt , &nbsp;F\u00f8dt 27. juli 1934 i Stauning. Gift i Stauning d. 21. aug.&nbsp; 1965&nbsp; med Knud Preben Nielsen , f\u00f8dt&nbsp; 5. aug 1941 i Fredensborg. S\u00f8n af&nbsp; G\u00e5rdejer Jens Peder Nielsen og hustru Astrid Nielsen, Svendsgaard Kirsten gik &hellip; <a href=\"https:\/\/sortekro.dk\/?page_id=41\">L\u00e6s resten <span class=\"meta-nav\">&rarr;<\/span><\/a><\/p>\n","protected":false},"author":1,"featured_media":0,"parent":31,"menu_order":0,"comment_status":"closed","ping_status":"closed","template":"","meta":{"ngg_post_thumbnail":0},"_links":{"self":[{"href":"https:\/\/sortekro.dk\/index.php?rest_route=\/wp\/v2\/pages\/41"}],"collection":[{"href":"https:\/\/sortekro.dk\/index.php?rest_route=\/wp\/v2\/pages"}],"about":[{"href":"https:\/\/sortekro.dk\/index.php?rest_route=\/wp\/v2\/types\/page"}],"author":[{"embeddable":true,"href":"https:\/\/sortekro.dk\/index.php?rest_route=\/wp\/v2\/users\/1"}],"replies":[{"embeddable":true,"href":"https:\/\/sortekro.dk\/index.php?rest_route=%2Fwp%2Fv2%2Fcomments&post=41"}],"version-history":[{"count":5,"href":"https:\/\/sortekro.dk\/index.php?rest_route=\/wp\/v2\/pages\/41\/revisions"}],"predecessor-version":[{"id":541,"href":"https:\/\/sortekro.dk\/index.php?rest_route=\/wp\/v2\/pages\/41\/revisions\/541"}],"up":[{"embeddable":true,"href":"https:\/\/sortekro.dk\/index.php?rest_route=\/wp\/v2\/pages\/31"}],"wp:attachment":[{"href":"https:\/\/sortekro.dk\/index.php?rest_route=%2Fwp%2Fv2%2Fmedia&parent=41"}],"curies":[{"name":"wp","href":"https:\/\/api.w.org\/{rel}","templated":true}]}}