{"id":62,"date":"2023-06-10T14:08:21","date_gmt":"2023-06-10T12:08:21","guid":{"rendered":"https:\/\/sortekro.dk\/?page_id=62"},"modified":"2023-06-18T23:47:41","modified_gmt":"2023-06-18T21:47:41","slug":"anders-ahrenfeldt","status":"publish","type":"page","link":"https:\/\/sortekro.dk\/?page_id=62","title":{"rendered":"Anders Ahrenfeldt"},"content":{"rendered":"<p><strong>Anders Ahrenfeldt<\/strong> (Nielsen slettet), f\u00f8dt 12. juli 1966 i Viborg<\/p>\n<p>Gift i Fabjerg d. 3. aug. 1996 med <strong>Betty Gr\u00f8nne<\/strong> , f\u00f8dt 8. jan. 1968 i Fabjerg, Lemvig.<\/p>\n<p>Datter af Inger og Kresten Gr\u00f8nne, Fabjerg.<\/p>\n<p>Efter folkeskolen kom Anders i l\u00e6re som maskinarbejder, og blev f\u00e6rdiguddannet som s\u00e5dan i 1987. For at pr\u00f8ve noget andet blev han ansat i flyvev\u00e5bnet som konstabel i 3 \u00e5r. Herefter p\u00e5begyndte han et ingeni\u00f8rstudie, men har aldrig afsluttet det. Oven p\u00e5 det var Anders ansat et \u00e5rs tid som p\u00e6dagogmedhj\u00e6lper,\u00a0 f\u00f8r studiestart p\u00e5 Nr. Nissum seminarium i 1994. Uddannelsen blev afsluttet i 1998, og han har siden v\u00e6ret ansat p\u00e5 Fars\u00f8 Efterskole, som er en specialefterskole for ordblinde. \u00a0Fra skole\u00e5ret 2007\u00a0 ansat som l\u00e6rer p\u00e5 N\u00f8rre Nissum\u00a0 Efterskole.<\/p>\n<p>Betty er cand. Theol., og har embede som sognepr\u00e6st i Egeris sogn, Skive.<\/p>\n<p>&nbsp;<\/p>\n<p>&nbsp;<\/p>\n<p>Fra maj\u00a0\u00a0 2008 provst for Skive provsti.<\/p>\n<p>Adresse:\u00a0 B\u00f8gev\u00e6nget 9,\u00a0 7800 Skive. tlf. 9614 0838<\/p>\n<p>B\u00f8rn af Betty og Anders :<\/p>\n<p>Estrid Gr\u00f8nne Ahrenfeldt<\/p>\n<p>Tora Gr\u00f8nne Ahrenfeldt<\/p>\n<p>Gry gr\u00f8nne Ahrenfeldt<\/p>\n<p>&nbsp;<\/p>\n","protected":false},"excerpt":{"rendered":"<p>Anders Ahrenfeldt (Nielsen slettet), f\u00f8dt 12. juli 1966 i Viborg Gift i Fabjerg d. 3. aug. 1996 med Betty Gr\u00f8nne , f\u00f8dt 8. jan. 1968 i Fabjerg, Lemvig. Datter af Inger og Kresten Gr\u00f8nne, Fabjerg. Efter folkeskolen kom Anders i &hellip; <a href=\"https:\/\/sortekro.dk\/?page_id=62\">L\u00e6s resten <span class=\"meta-nav\">&rarr;<\/span><\/a><\/p>\n","protected":false},"author":1,"featured_media":0,"parent":41,"menu_order":0,"comment_status":"closed","ping_status":"closed","template":"","meta":{"ngg_post_thumbnail":0},"_links":{"self":[{"href":"https:\/\/sortekro.dk\/index.php?rest_route=\/wp\/v2\/pages\/62"}],"collection":[{"href":"https:\/\/sortekro.dk\/index.php?rest_route=\/wp\/v2\/pages"}],"about":[{"href":"https:\/\/sortekro.dk\/index.php?rest_route=\/wp\/v2\/types\/page"}],"author":[{"embeddable":true,"href":"https:\/\/sortekro.dk\/index.php?rest_route=\/wp\/v2\/users\/1"}],"replies":[{"embeddable":true,"href":"https:\/\/sortekro.dk\/index.php?rest_route=%2Fwp%2Fv2%2Fcomments&post=62"}],"version-history":[{"count":5,"href":"https:\/\/sortekro.dk\/index.php?rest_route=\/wp\/v2\/pages\/62\/revisions"}],"predecessor-version":[{"id":279,"href":"https:\/\/sortekro.dk\/index.php?rest_route=\/wp\/v2\/pages\/62\/revisions\/279"}],"up":[{"embeddable":true,"href":"https:\/\/sortekro.dk\/index.php?rest_route=\/wp\/v2\/pages\/41"}],"wp:attachment":[{"href":"https:\/\/sortekro.dk\/index.php?rest_route=%2Fwp%2Fv2%2Fmedia&parent=62"}],"curies":[{"name":"wp","href":"https:\/\/api.w.org\/{rel}","templated":true}]}}